{"id":303,"date":"2023-05-15T03:17:02","date_gmt":"2023-05-15T00:17:02","guid":{"rendered":"https:\/\/spacemangame.com.br\/?page_id=303"},"modified":"2025-06-06T04:07:46","modified_gmt":"2025-06-06T01:07:46","slug":"contact-us","status":"publish","type":"page","link":"https:\/\/spacemangame.com.br\/en\/contact-us\/","title":{"rendered":"Contact Information"},"content":{"rendered":"<div class=\"fpm_start\"><\/div>\n\n<script type=\"application\/ld+json\">\n{\n  \"@context\": \"https:\/\/schema.org\",\n  \"@type\": \"BreadcrumbList\",\n  \"itemListElement\": [\n    {\n      \"@type\": \"ListItem\",\n      \"position\": 1,\n      \"item\": {\n        \"@type\": \"WebPage\",\n        \"@id\": \"https:\/\/spacemangame.com.br\/\",\n        \"name\": \"P\u00e1gina principal \ud83c\udfe0\u2728!\"\n      }\n    },\n    {\n      \"@type\": \"ListItem\",\n      \"position\": 2,\n      \"item\": {\n        \"@type\": \"WebPage\",\n        \"@id\": \"https:\/\/spacemangame.com.br\/contact-us\/\",\n        \"name\": \"Informa\u00e7\u00f5es de Contato! \ud83c\udfae\"\n      }\n    }\n  ]\n}\n<\/script>\n\n\n\n<h2 class=\"wp-block-heading\">Entre em Contato Conosco<\/h2>\n\n\n<div style=\"display:none\" class=\"fm-form-container fm-theme1\"><div id=\"fm-pages1\" class=\"fm-pages wdform_page_navigation \" show_title=\"\" show_numbers=\"1\" type=\"none\"><\/div><form name=\"form1\" action=\"\/en\/wp-json\/wp\/v2\/pages\/303\/\" method=\"post\" id=\"form1\" class=\"fm-form form1  \" enctype=\"multipart\/form-data\"><input type=\"hidden\" id=\"counter1\" value=\"7\" name=\"counter1\" \/><input type=\"hidden\" id=\"Itemid1\" value=\"\" name=\"Itemid1\" \/><input type=\"text\" class=\"fm-hide\" id=\"fm_bot_validation1\" value=\"\" name=\"fm_bot_validation1\" \/><input type=\"text\" class=\"fm-hide\" id=\"fm_empty_field_validation1\" value=\"\" name=\"fm_empty_field_validation1\" data-value=\"668b62a90dd472acc5372e74faa73873\" \/><input type=\"hidden\" id=\"fm_form_nonce1\" name=\"fm_form_nonce1\" value=\"70a2119b18\" \/><input type=\"hidden\" name=\"_wp_http_referer\" value=\"\/en\/wp-json\/wp\/v2\/pages\/303\/\" \/><div class=\"fm-header-bg\"><div class=\"fm-header \"><div class=\"fm-header-text\">          <div class=\"fm-header-title\">                      <\/div>          <div class=\"fm-header-description\">            <div class=\"mb-2 flex gap-3 -ml-2\"><div class=\"flex items-center justify-start rounded-xl p-1\"><div><div class=\"flex items-center\"><div class=\"flex items-center pb-0\">Voc\u00ea pode nos contatar preenchendo este formul\u00e1rio sempre que precisar de suporte profissional ou tiver alguma d\u00favida. Voc\u00ea tamb\u00e9m pode preencher o formul\u00e1rio para deixar seus coment\u00e1rios ou feedback.<\/div><\/div><\/div><\/div><\/div>          <\/div>        <\/div><\/div><\/div><div class=\"wdform-page-and-images fm-form-builder\"><div id=\"1form_view1\" class=\"wdform_page\" page_title=\"Untitled page\" next_title=\"Next\" next_type=\"text\" next_class=\"wdform-page-button\" next_checkable=\"true\" previous_title=\"Previous\" previous_type=\"text\" previous_class=\"wdform-page-button\" previous_checkable=\"false\"><div class=\"wdform_section\"><div class=\"wdform_column\"><div wdid=\"4\" class=\"wdform_row\" style=\"position: relative; left: 0px; top: 0px;\"><div type=\"type_text\" class=\"wdform-field wd-width-100 wd-flex wd-flex-column\"><div class=\"wdform-label-section wd-width-100  wd-flex-row wd-align-items-center\">    <label  for=\"wdform_4_element1\" class=\"wdform-label\">Assunto<\/label><span class=\"wdform-required\">*<\/span><\/div><div class=\"wdform-element-section wd-flex  wd-flex-row wd-align-items-center wd-width-100\" ><input type=\"text\"                           class=\"wd-width-100\"                           id=\"wdform_4_element1\"                           name=\"wdform_4_element1\"                           value=\"\"                           title=\"\"                           placeholder=\"\"                                                       \/><\/div><\/div><\/div><\/div><div class=\"wdform_column\"><div wdid=\"2\" class=\"wdform_row\"><div type=\"type_text\" class=\"wdform-field wd-width-100 wd-flex wd-flex-column\"><div class=\"wdform-label-section wd-width-100  wd-flex-row wd-align-items-center\">    <label  for=\"wdform_2_element1\" class=\"wdform-label\">Nome Completo \/ Nome da Empresa<\/label><span class=\"wdform-required\">*<\/span><\/div><div class=\"wdform-element-section wd-flex  wd-flex-row wd-align-items-center wd-width-100\" ><input type=\"text\"                           class=\"wd-width-100\"                           id=\"wdform_2_element1\"                           name=\"wdform_2_element1\"                           value=\"\"                           title=\"\"                           placeholder=\"\"                                                       \/><\/div><\/div><\/div><\/div><div class=\"wdform_column\"><div wdid=\"3\" class=\"wdform_row\" style=\"position: relative; left: 0px; top: 0px;\"><div type=\"type_submitter_mail\" class=\"wdform-field wd-width-100 wd-flex wd-flex-column\"><div class=\"wdform-label-section wd-width-100  wd-flex-row\">    <label  for=\"wdform_3_element1\" class=\"wdform-label\">Email<\/label><span class=\"wdform-required\">*<\/span><\/div><div class=\"wdform-element-section wd-flex  wd-flex-row wd-width-100\" ><input type=\"text\" class=\"wd-width-100\" id=\"wdform_3_element1\" name=\"wdform_3_element1\" value=\"\" title=\"\" placeholder=\"\"   onchange=\"wd_check_email('3', '1', 'This is not a valid email address.')\" \/><\/div><\/div><\/div><\/div><div class=\"wdform_column\"><div wdid=\"5\" class=\"wdform_row\"><div type=\"type_textarea\" class=\"wdform-field wd-width-100 wd-flex wd-flex-column\"><div class=\"wdform-label-section wd-width-100 \">    <label  for=\"wdform_5_element1\" class=\"wdform-label\">Mensagem<\/label><span class=\"wdform-required\">*<\/span><\/div><div class=\"wdform-element-section wd-flex  wd-width-100\" ><textarea class=\"wd-width-100\"                      id=\"wdform_5_element1\"                      name=\"wdform_5_element1\"                      placeholder=\"\"                      style=\"height: 100px;\"                      ><\/textarea><\/div><\/div><\/div><\/div><div class=\"wdform_column\"><div wdid=\"6\" class=\"wdform_row\"><div type=\"type_recaptcha\" class=\"wdform-field wd-width-100 wd-flex wd-flex-row\"><div class=\"wdform-label-section wd-width-30 wd-flex-row wd-hidden\">    <label  class=\"wdform-label\">reCAPTCHA<\/label><\/div><div class=\"wdform-element-section wd-flex wd-flex-row wd-width-100\" ><div id=\"recaptcha16\" class=\"g-recaptcha\" data-sitekey=\"6Lc71AwmAAAAAI8-N3NB13z9YCYzc4F4OjGsvXXD\" data-form_id=\"1\" data-badge=\"bottomright\"><\/div><\/div><\/div><\/div><\/div><div class=\"wdform_column\"><div wdid=\"1\" class=\"wdform_row\"><div type=\"type_submit_reset\" class=\"wdform-field wd-width-100 wd-flex wd-flex-column\"><div class=\"wdform-element-section wd-flex  wd-flex-row wd-justify-content-left wd-width-100\" ><button  type=\"button\" class=\"button-submit\" onclick=\"fm_submit_form('1');\"  data-ajax=\"0\"><span class=\"fm-submit-loading spinner fm-ico-spinner\"><\/span>Enviar<\/button><button  type=\"button\" class=\"button-reset wd-hidden\" onclick=\"fm_reset_form(1);\" >Reset<\/button><\/div><\/div><\/div><\/div><\/div><div valign=\"top\" class=\"wdform_footer wd-width-100\"><div class=\"wd-width-100\"><div class=\"wd-width-100 wd-table\" style=\"padding-top:10px;\"><div class=\"wd-table-group\"><div id=\"1page_nav1\" class=\"wd-table-row\"><\/div><\/div><\/div><\/div><\/div><\/div><\/div><div class=\"wdform_preload\"><\/div><\/form><\/div>\n\n\n\n<p><\/p><script data-noptimize=\"\" data-wpfc-render=\"false\">\n\/* <![CDATA[ *\/\nfpm_start( \"true\" );\n\/* ]]> *\/\n<\/script>\n\n\n<div class=\"fpm_end\"><\/div><div class=\"author-card\"><img alt='Avatar photo' src='https:\/\/spacemangame.com.br\/wp-content\/uploads\/2023\/03\/Daniel-Abreu-130x130.jpg' srcset='https:\/\/spacemangame.com.br\/wp-content\/uploads\/2023\/03\/Daniel-Abreu-260x260.jpg 2x' class='avatar avatar-130 photo author-image' height='130' width='130' \/><div class=\"author-content\"><span class=\"author-title\">Autor<\/span><a href=\"https:\/\/spacemangame.com.br\/en\/author\/daniel-abreu\/\" class=\"author-name\">Daniel Abreu<\/a><p class=\"author__details\">Daniel Abreu \u00e9 um especialista experiente na \u00e1rea de cassinos online. Ele trabalha no setor h\u00e1 muitos anos e sabe tudo o que h\u00e1 para saber sobre como eles funcionam e o que os torna bem-sucedidos. Daniel gosta de compartilhar seus conhecimentos com outros, e ajud\u00e1-los a desfrutar do mesmo n\u00edvel de sucesso que ele encontrou neste excitante campo.<\/p><\/div><!-- \/.author-content --><\/div>","protected":false},"excerpt":{"rendered":"<p>Entre em Contato Conosco AutorDaniel Abreu Daniel Abreu \u00e9 um especialista experiente na \u00e1rea de cassinos online. Ele trabalha no setor h\u00e1 muitos anos e sabe tudo o que h\u00e1 para saber sobre como eles funcionam e o que os torna bem-sucedidos. Daniel gosta de compartilhar seus conhecimentos com outros, e ajud\u00e1-los a desfrutar do [&hellip;]<\/p>\n","protected":false},"author":2,"featured_media":0,"parent":0,"menu_order":0,"comment_status":"closed","ping_status":"closed","template":"","meta":{"_glsr_average":0,"_glsr_ranking":0,"_glsr_reviews":0,"footnotes":""},"class_list":["post-303","page","type-page","status-publish","hentry"],"yoast_head":"<!-- This site is optimized with the Yoast SEO plugin v27.2 - https:\/\/yoast.com\/product\/yoast-seo-wordpress\/ -->\n<title>Entre em Contato Conosco | Atendimento ao Cliente e Suporte<\/title>\n<meta name=\"description\" content=\"Entre em contato conosco para suporte, d\u00favidas ou informa\u00e7\u00f5es. Nossa equipe est\u00e1 pronta para ajudar voc\u00ea com rapidez e efici\u00eancia. Fale conosco hoje mesmo!\" \/>\n<meta name=\"robots\" content=\"index, follow, max-snippet:-1, max-image-preview:large, max-video-preview:-1\" \/>\n<link rel=\"canonical\" href=\"https:\/\/spacemangame.com.br\/en\/contact-us\/\" \/>\n<meta property=\"og:locale\" content=\"en_US\" \/>\n<meta property=\"og:type\" content=\"article\" \/>\n<meta property=\"og:title\" content=\"Entre em Contato Conosco | Atendimento ao Cliente e Suporte\" \/>\n<meta property=\"og:description\" content=\"Entre em contato conosco para suporte, d\u00favidas ou informa\u00e7\u00f5es. Nossa equipe est\u00e1 pronta para ajudar voc\u00ea com rapidez e efici\u00eancia. Fale conosco hoje mesmo!\" \/>\n<meta property=\"og:url\" content=\"https:\/\/spacemangame.com.br\/en\/contact-us\/\" \/>\n<meta property=\"article:modified_time\" content=\"2025-06-06T01:07:46+00:00\" \/>\n<meta name=\"twitter:card\" content=\"summary_large_image\" \/>\n<meta name=\"twitter:label1\" content=\"Est. reading time\" \/>\n\t<meta name=\"twitter:data1\" content=\"1 minute\" \/>\n<!-- \/ Yoast SEO plugin. -->","yoast_head_json":{"title":"Contact Us | Customer Service &amp; Support","description":"Contact us for support, questions or information. Our team is ready to help you quickly and efficiently. Contact us today!","robots":{"index":"index","follow":"follow","max-snippet":"max-snippet:-1","max-image-preview":"max-image-preview:large","max-video-preview":"max-video-preview:-1"},"canonical":"https:\/\/spacemangame.com.br\/en\/contact-us\/","og_locale":"en_US","og_type":"article","og_title":"Entre em Contato Conosco | Atendimento ao Cliente e Suporte","og_description":"Entre em contato conosco para suporte, d\u00favidas ou informa\u00e7\u00f5es. Nossa equipe est\u00e1 pronta para ajudar voc\u00ea com rapidez e efici\u00eancia. Fale conosco hoje mesmo!","og_url":"https:\/\/spacemangame.com.br\/en\/contact-us\/","article_modified_time":"2025-06-06T01:07:46+00:00","twitter_card":"summary_large_image","twitter_misc":{"Est. reading time":"1 minute"},"schema":{"@context":"https:\/\/schema.org","@graph":[{"@type":"WebPage","@id":"https:\/\/spacemangame.com.br\/contact-us\/","url":"https:\/\/spacemangame.com.br\/contact-us\/","name":"Contact Us | Customer Service &amp; Support","isPartOf":{"@id":"https:\/\/spacemangame.com.br\/#website"},"datePublished":"2023-05-15T00:17:02+00:00","dateModified":"2025-06-06T01:07:46+00:00","description":"Contact us for support, questions or information. Our team is ready to help you quickly and efficiently. Contact us today!","breadcrumb":{"@id":"https:\/\/spacemangame.com.br\/contact-us\/#breadcrumb"},"inLanguage":"en-US","potentialAction":[{"@type":"ReadAction","target":["https:\/\/spacemangame.com.br\/contact-us\/"]}]},{"@type":"BreadcrumbList","@id":"https:\/\/spacemangame.com.br\/contact-us\/#breadcrumb","itemListElement":[{"@type":"ListItem","position":1,"name":"\u0413\u043b\u0430\u0432\u043d\u0430\u044f \u0441\u0442\u0440\u0430\u043d\u0438\u0446\u0430","item":"https:\/\/spacemangame.com.br\/"},{"@type":"ListItem","position":2,"name":"Informa\u00e7\u00f5es de Contato"}]},{"@type":"WebSite","@id":"https:\/\/spacemangame.com.br\/#website","url":"https:\/\/spacemangame.com.br\/","name":"","description":"","potentialAction":[{"@type":"SearchAction","target":{"@type":"EntryPoint","urlTemplate":"https:\/\/spacemangame.com.br\/?s={search_term_string}"},"query-input":{"@type":"PropertyValueSpecification","valueRequired":true,"valueName":"search_term_string"}}],"inLanguage":"en-US"}]}},"acf":[],"_links":{"self":[{"href":"https:\/\/spacemangame.com.br\/en\/wp-json\/wp\/v2\/pages\/303","targetHints":{"allow":["GET"]}}],"collection":[{"href":"https:\/\/spacemangame.com.br\/en\/wp-json\/wp\/v2\/pages"}],"about":[{"href":"https:\/\/spacemangame.com.br\/en\/wp-json\/wp\/v2\/types\/page"}],"author":[{"embeddable":true,"href":"https:\/\/spacemangame.com.br\/en\/wp-json\/wp\/v2\/users\/2"}],"replies":[{"embeddable":true,"href":"https:\/\/spacemangame.com.br\/en\/wp-json\/wp\/v2\/comments?post=303"}],"version-history":[{"count":0,"href":"https:\/\/spacemangame.com.br\/en\/wp-json\/wp\/v2\/pages\/303\/revisions"}],"wp:attachment":[{"href":"https:\/\/spacemangame.com.br\/en\/wp-json\/wp\/v2\/media?parent=303"}],"curies":[{"name":"wp","href":"https:\/\/api.w.org\/{rel}","templated":true}]}}